{"id":100,"date":"2014-10-03T23:25:45","date_gmt":"2014-10-03T21:25:45","guid":{"rendered":"http:\/\/www.backebolsakeri.se\/?page_id=100"},"modified":"2014-10-03T23:25:45","modified_gmt":"2014-10-03T21:25:45","slug":"om-miljo","status":"publish","type":"page","link":"https:\/\/www.backebolsakeri.se\/?page_id=100","title":{"rendered":"Om milj\u00f6"},"content":{"rendered":"<p><strong><a href=\"http:\/\/www.backebolsakeri.se\/wp-content\/uploads\/2014\/10\/miljogasbil.jpg\"><img loading=\"lazy\" decoding=\"async\" class=\"alignright wp-image-102 size-medium\" src=\"http:\/\/www.backebolsakeri.se\/wp-content\/uploads\/2014\/10\/miljogasbil-300x200.jpg\" alt=\"Milj\u00f6bil som g\u00e5r p\u00e5 gas\" width=\"300\" height=\"200\" srcset=\"https:\/\/www.backebolsakeri.se\/wp-content\/uploads\/2014\/10\/miljogasbil-300x200.jpg 300w, https:\/\/www.backebolsakeri.se\/wp-content\/uploads\/2014\/10\/miljogasbil.jpg 900w\" sizes=\"auto, (max-width: 300px) 100vw, 300px\" \/><\/a>V\u00e5r ambition \u00e4r att vid varje tillf\u00e4lle och med utg\u00e5ngspunkt fr\u00e5n kundens krav och \u00e5keriets egna resurser och f\u00f6ruts\u00e4ttningar arbeta f\u00f6r:<\/strong><\/p>\n<ul>\n<li>\u00a0Att minska milj\u00f6effekterna fr\u00e5n v\u00e5ra fordon<\/li>\n<li>\u00a0Att st\u00e4ndigt f\u00f6rb\u00e4ttra verksamheten ur milj\u00f6synpunkt<\/li>\n<li>\u00a0Att st\u00e4ndigt arbeta med v\u00e5r arbetsmilj\u00f6<\/li>\n<li>\u00a0Att f\u00f6rebygga f\u00f6roreningar<\/li>\n<li>\u00a0Att st\u00e4ndigt beakta fr\u00e5gorna om Farligt gods<\/li>\n<li>\u00a0Att f\u00f6lja aktuell milj\u00f6lagstiftning och andra samh\u00e4llskrav\u00a0samt v\u00e5ra kunders krav<\/li>\n<li>\u00a0Att uppn\u00e5 inom ramen f\u00f6r f\u00f6retagets milj\u00f6ledningssystem\u00a0st\u00e4llda milj\u00f6m\u00e5l<\/li>\n<\/ul>\n<p>V\u00e5ra insatser skall styras av en sammanv\u00e4gning av vad som \u00e4r\u00a0ekonomiskt rimligt, tekniskt m\u00f6jligt och ekologiskt motiverat.<\/p>\n<!-- AddThis Advanced Settings generic via filter on the_content --><!-- AddThis Share Buttons generic via filter on the_content -->","protected":false},"excerpt":{"rendered":"<p>V\u00e5r ambition \u00e4r att vid varje tillf\u00e4lle och med utg\u00e5ngspunkt fr\u00e5n kundens krav och \u00e5keriets egna resurser och f\u00f6ruts\u00e4ttningar arbeta f\u00f6r: \u00a0Att minska milj\u00f6effekterna fr\u00e5n v\u00e5ra fordon \u00a0Att st\u00e4ndigt f\u00f6rb\u00e4ttra verksamheten ur milj\u00f6synpunkt \u00a0Att st\u00e4ndigt arbeta med v\u00e5r arbetsmilj\u00f6 \u00a0Att f\u00f6rebygga f\u00f6roreningar \u00a0Att st\u00e4ndigt beakta fr\u00e5gorna om Farligt gods \u00a0Att f\u00f6lja aktuell milj\u00f6lagstiftning och andra [&hellip;]<!-- AddThis Advanced Settings generic via filter on wp_trim_excerpt --><!-- AddThis Share Buttons generic via filter on wp_trim_excerpt --><\/p>\n","protected":false},"author":3,"featured_media":0,"parent":0,"menu_order":0,"comment_status":"closed","ping_status":"open","template":"","meta":{"footnotes":""},"class_list":["post-100","page","type-page","status-publish","hentry"],"_links":{"self":[{"href":"https:\/\/www.backebolsakeri.se\/index.php?rest_route=\/wp\/v2\/pages\/100","targetHints":{"allow":["GET"]}}],"collection":[{"href":"https:\/\/www.backebolsakeri.se\/index.php?rest_route=\/wp\/v2\/pages"}],"about":[{"href":"https:\/\/www.backebolsakeri.se\/index.php?rest_route=\/wp\/v2\/types\/page"}],"author":[{"embeddable":true,"href":"https:\/\/www.backebolsakeri.se\/index.php?rest_route=\/wp\/v2\/users\/3"}],"replies":[{"embeddable":true,"href":"https:\/\/www.backebolsakeri.se\/index.php?rest_route=%2Fwp%2Fv2%2Fcomments&post=100"}],"version-history":[{"count":2,"href":"https:\/\/www.backebolsakeri.se\/index.php?rest_route=\/wp\/v2\/pages\/100\/revisions"}],"predecessor-version":[{"id":103,"href":"https:\/\/www.backebolsakeri.se\/index.php?rest_route=\/wp\/v2\/pages\/100\/revisions\/103"}],"wp:attachment":[{"href":"https:\/\/www.backebolsakeri.se\/index.php?rest_route=%2Fwp%2Fv2%2Fmedia&parent=100"}],"curies":[{"name":"wp","href":"https:\/\/api.w.org\/{rel}","templated":true}]}}