{"id":106,"date":"2014-10-04T10:32:13","date_gmt":"2014-10-04T08:32:13","guid":{"rendered":"http:\/\/www.backebolsakeri.se\/?page_id=106"},"modified":"2014-10-04T10:32:13","modified_gmt":"2014-10-04T08:32:13","slug":"om-kvalitet","status":"publish","type":"page","link":"https:\/\/www.backebolsakeri.se\/?page_id=106","title":{"rendered":"Om kvalitet"},"content":{"rendered":"<p><strong><a href=\"http:\/\/www.backebolsakeri.se\/wp-content\/uploads\/2014\/10\/utfart.jpg\"><img loading=\"lazy\" decoding=\"async\" class=\"alignright wp-image-108 size-medium\" src=\"http:\/\/www.backebolsakeri.se\/wp-content\/uploads\/2014\/10\/utfart-300x200.jpg\" alt=\"Mot dagens arbete\" width=\"300\" height=\"200\" srcset=\"https:\/\/www.backebolsakeri.se\/wp-content\/uploads\/2014\/10\/utfart-300x200.jpg 300w, https:\/\/www.backebolsakeri.se\/wp-content\/uploads\/2014\/10\/utfart.jpg 900w\" sizes=\"auto, (max-width: 300px) 100vw, 300px\" \/><\/a>V\u00e5r\u00a0m\u00e5ls\u00e4ttning \u00e4r<\/strong>\u00a0att uppfylla\u00a0v\u00e5ra kunders krav\u00a0p\u00e5 utf\u00f6rda transport- och logistiktj\u00e4nster\u00a0och leva upp till deras\u00a0f\u00f6rv\u00e4ntningar s\u00e5 fullst\u00e4ndigt som m\u00f6jligt genom<\/p>\n<ul>\n<li>\u00a0Att utf\u00f6ra v\u00e5rt arbete r\u00e4tt fr\u00e5n b\u00f6rjan med motiverade medarbetare<\/li>\n<li>\u00a0Att st\u00e4ndigt f\u00f6rb\u00e4ttra verksamheten ut kvalitetssynpunkt<\/li>\n<li>\u00a0Att f\u00f6lja aktuell lagstiftning, andra samh\u00e4llskrav samt\u00a0\u00a0v\u00e5ra kunders krav<\/li>\n<li>\u00a0Att uppn\u00e5 inom ramen\u00a0f\u00f6r f\u00f6retagets kvalitets- och ledningssystem\u00a0st\u00e4llda kvalitetsm\u00e5l<\/li>\n<\/ul>\n<table border=\"0\" width=\"95%\" cellspacing=\"0\" cellpadding=\"5\" align=\"center\">\n<tbody>\n<tr>\n<td class=\"brtxt2\" style=\"color: #cc0000;\" bgcolor=\"#CC0000\">\n<div class=\"brtxtfetvit\" style=\"font-weight: bold; color: #ffffff;\" align=\"center\">VI VILL BEVARA OCH UTVECKLA V\u00c5RT GODA ANSEENDE SOM EN SERI\u00d6S, TILLF\u00d6RLITLIG OCH H\u00d6GKLASSIG LEVERANT\u00d6R AV TRANSPORT- OCH LOGISTIKTJ\u00c4NSTER!<\/div>\n<\/td>\n<\/tr>\n<\/tbody>\n<\/table>\n<p>&nbsp;<\/p>\n<p style=\"color: #006600;\">\n<!-- AddThis Advanced Settings generic via filter on the_content --><!-- AddThis Share Buttons generic via filter on the_content -->","protected":false},"excerpt":{"rendered":"<p>V\u00e5r\u00a0m\u00e5ls\u00e4ttning \u00e4r\u00a0att uppfylla\u00a0v\u00e5ra kunders krav\u00a0p\u00e5 utf\u00f6rda transport- och logistiktj\u00e4nster\u00a0och leva upp till deras\u00a0f\u00f6rv\u00e4ntningar s\u00e5 fullst\u00e4ndigt som m\u00f6jligt genom \u00a0Att utf\u00f6ra v\u00e5rt arbete r\u00e4tt fr\u00e5n b\u00f6rjan med motiverade medarbetare \u00a0Att st\u00e4ndigt f\u00f6rb\u00e4ttra verksamheten ut kvalitetssynpunkt \u00a0Att f\u00f6lja aktuell lagstiftning, andra samh\u00e4llskrav samt\u00a0\u00a0v\u00e5ra kunders krav \u00a0Att uppn\u00e5 inom ramen\u00a0f\u00f6r f\u00f6retagets kvalitets- och ledningssystem\u00a0st\u00e4llda kvalitetsm\u00e5l VI VILL BEVARA [&hellip;]<!-- AddThis Advanced Settings generic via filter on wp_trim_excerpt --><!-- AddThis Share Buttons generic via filter on wp_trim_excerpt --><\/p>\n","protected":false},"author":3,"featured_media":0,"parent":0,"menu_order":0,"comment_status":"closed","ping_status":"open","template":"","meta":{"footnotes":""},"class_list":["post-106","page","type-page","status-publish","hentry"],"_links":{"self":[{"href":"https:\/\/www.backebolsakeri.se\/index.php?rest_route=\/wp\/v2\/pages\/106","targetHints":{"allow":["GET"]}}],"collection":[{"href":"https:\/\/www.backebolsakeri.se\/index.php?rest_route=\/wp\/v2\/pages"}],"about":[{"href":"https:\/\/www.backebolsakeri.se\/index.php?rest_route=\/wp\/v2\/types\/page"}],"author":[{"embeddable":true,"href":"https:\/\/www.backebolsakeri.se\/index.php?rest_route=\/wp\/v2\/users\/3"}],"replies":[{"embeddable":true,"href":"https:\/\/www.backebolsakeri.se\/index.php?rest_route=%2Fwp%2Fv2%2Fcomments&post=106"}],"version-history":[{"count":2,"href":"https:\/\/www.backebolsakeri.se\/index.php?rest_route=\/wp\/v2\/pages\/106\/revisions"}],"predecessor-version":[{"id":109,"href":"https:\/\/www.backebolsakeri.se\/index.php?rest_route=\/wp\/v2\/pages\/106\/revisions\/109"}],"wp:attachment":[{"href":"https:\/\/www.backebolsakeri.se\/index.php?rest_route=%2Fwp%2Fv2%2Fmedia&parent=106"}],"curies":[{"name":"wp","href":"https:\/\/api.w.org\/{rel}","templated":true}]}}