{"id":11,"date":"2016-03-23T12:26:08","date_gmt":"2016-03-23T11:26:08","guid":{"rendered":"http:\/\/www.backebolsakeri.se\/?page_id=11"},"modified":"2016-09-26T10:33:15","modified_gmt":"2016-09-26T08:33:15","slug":"valkommen","status":"publish","type":"page","link":"https:\/\/www.backebolsakeri.se\/","title":{"rendered":"V\u00e4lkommen!"},"content":{"rendered":"<h1 class=\"art-postheader entry-title\">Kvalitet och personlig service.<\/h1>\n<p><strong>Vi \u00e4r ett modernt transportf\u00f6retag som trafikerar hela v\u00e4stra Sverige f\u00f6r DB Schenker.<\/strong><\/p>\n<p>Tveka inte att kontakta oss!<\/p>\n<script type=\"text\/javascript\">jQuery(document).ready(function() {\n\t\t   \t\tjQuery(\".smooth_slider_fouc .smooth_slider\").show();\n\t\t\t});jQuery(document).ready(function() {\n\t\tjQuery(\"#smooth_slider_1\").smooth({ \n\t\t\tfx: \"uncover\",\n\t\t\tspeed:\"2000\",\n\t\t\ttimeout: 5000,pause: 1\n\t\t\t,slideExpr: \"div.smooth_slideri\"\n\t\t});\n\t\tjQuery(\"#smooth_slider_1\").touchwipe({\n\t\t\twipeLeft: function() {\n\t\t\t\tjQuery(\"#smooth_slider_1\").smooth(\"next\");\n\t\t\t},\n\t\t\twipeRight: function() {\n\t\t\t\tjQuery(\"#smooth_slider_1\").smooth(\"prev\");\n\t\t\t},\n\t\t\tpreventDefaultEvents: false\n\t\t});jQuery(\"#smooth_slider_1\").smoothSlider({\n\t\t\t\t\tsliderWidth\t\t:750,\n\t\t\t\t\tsliderHeight\t\t:475,\n\t\t\t\t\tnavArr\t\t\t:0,\n\t\t\t\t\timg_align\t\t:\"left\"\n\t\t\t});});<\/script><noscript><p><strong><\/strong><\/p><\/noscript><div id=\"smooth_slider_1\" class=\"smooth_slider\" style=\"max-width:750px;height:475px;min-height:475px;background-color:#ffffff;border:0px solid #ffffff;\"><div class=\"smooth_sliderb\"><div class=\"smooth_slideri\" style=\"max-width:750px;margin:0px 0px 0px 0px;\">\n\t\t\t<!-- smooth_slideri --><a href=\"https:\/\/www.backebolsakeri.se\/?attachment_id=81\" title=\"dagen_borjar\"  ><img decoding=\"async\" src=\"https:\/\/www.backebolsakeri.se\/wp-content\/uploads\/2014\/10\/dagen_borjar.jpg\" alt=\"\" class=\"slider_thumbnail full smooth_slider_thumbnail\" width=\"\" height=\"\" style=\"float:left;margin:0 10px 0 0px;max-height:485px;border:1px solid #dd3333;\" \/><\/a><h2 style=\"clear:none;line-height:4px;font-family:Arial,Helvetica,sans-serif;font-size:1px;font-weight:normal;font-style:normal;color:#ffffff;margin:0 0 5px 0;\"><a style=\"color:#ffffff;font-size:1px;font-weight:normal;font-style:normal;\" href=\"https:\/\/www.backebolsakeri.se\/?attachment_id=81\">dagen_borjar<\/a><\/h2><span style=\"font-family:Arial,Helvetica,sans-serif;font-size:1px;font-weight:normal;font-style:normal;color:#ffffff;\">  <\/span>\n\t\t\t\t<p class=\"smooth_more\"><a href=\"https:\/\/www.backebolsakeri.se\/?attachment_id=81\" style=\"color:#ffffff;font-family:Arial,Helvetica,sans-serif;font-size:1px;margin-left: 10px;\"><\/a><\/p>\n\t\t\t\n\t\t\t\t<!-- \/smooth_slideri -->\n\t\t\t<\/div><div class=\"smooth_slideri\" style=\"max-width:750px;margin:0px 0px 0px 0px;\">\n\t\t\t<!-- smooth_slideri --><a href=\"https:\/\/www.backebolsakeri.se\/?attachment_id=83\" title=\"om_morgonen\"  ><img decoding=\"async\" src=\"https:\/\/www.backebolsakeri.se\/wp-content\/uploads\/2014\/10\/om_morgonen.jpg\" alt=\"\" class=\"slider_thumbnail full smooth_slider_thumbnail\" width=\"\" height=\"\" style=\"float:left;margin:0 10px 0 0px;max-height:485px;border:1px solid #dd3333;\" \/><\/a><h2 style=\"clear:none;line-height:4px;font-family:Arial,Helvetica,sans-serif;font-size:1px;font-weight:normal;font-style:normal;color:#ffffff;margin:0 0 5px 0;\"><a style=\"color:#ffffff;font-size:1px;font-weight:normal;font-style:normal;\" href=\"https:\/\/www.backebolsakeri.se\/?attachment_id=83\">om_morgonen<\/a><\/h2><span style=\"font-family:Arial,Helvetica,sans-serif;font-size:1px;font-weight:normal;font-style:normal;color:#ffffff;\">  <\/span>\n\t\t\t\t<p class=\"smooth_more\"><a href=\"https:\/\/www.backebolsakeri.se\/?attachment_id=83\" style=\"color:#ffffff;font-family:Arial,Helvetica,sans-serif;font-size:1px;margin-left: 10px;\"><\/a><\/p>\n\t\t\t\n\t\t\t\t<!-- \/smooth_slideri -->\n\t\t\t<\/div><div class=\"smooth_slideri\" style=\"max-width:750px;margin:0px 0px 0px 0px;\">\n\t\t\t<!-- smooth_slideri --><a href=\"https:\/\/www.backebolsakeri.se\/?attachment_id=82\" title=\"Mot terminalen\"  ><img decoding=\"async\" src=\"https:\/\/www.backebolsakeri.se\/wp-content\/uploads\/2014\/10\/mot_terminalen.jpg\" alt=\"\" class=\"slider_thumbnail full smooth_slider_thumbnail\" width=\"\" height=\"\" style=\"float:left;margin:0 10px 0 0px;max-height:485px;border:1px solid #dd3333;\" \/><\/a><h2 style=\"clear:none;line-height:4px;font-family:Arial,Helvetica,sans-serif;font-size:1px;font-weight:normal;font-style:normal;color:#ffffff;margin:0 0 5px 0;\"><a style=\"color:#ffffff;font-size:1px;font-weight:normal;font-style:normal;\" href=\"https:\/\/www.backebolsakeri.se\/?attachment_id=82\">Mot terminalen<\/a><\/h2><span style=\"font-family:Arial,Helvetica,sans-serif;font-size:1px;font-weight:normal;font-style:normal;color:#ffffff;\">  <\/span>\n\t\t\t\t<p class=\"smooth_more\"><a href=\"https:\/\/www.backebolsakeri.se\/?attachment_id=82\" style=\"color:#ffffff;font-family:Arial,Helvetica,sans-serif;font-size:1px;margin-left: 10px;\"><\/a><\/p>\n\t\t\t\n\t\t\t\t<!-- \/smooth_slideri -->\n\t\t\t<\/div><div class=\"smooth_slideri\" style=\"max-width:750px;margin:0px 0px 0px 0px;\">\n\t\t\t<!-- smooth_slideri --><a href=\"https:\/\/www.backebolsakeri.se\/?attachment_id=89\" title=\"utlastning_paketbil\"  ><img decoding=\"async\" src=\"https:\/\/www.backebolsakeri.se\/wp-content\/uploads\/2014\/10\/utlastning_paketbil.jpg\" alt=\"\" class=\"slider_thumbnail full smooth_slider_thumbnail\" width=\"\" height=\"\" style=\"float:left;margin:0 10px 0 0px;max-height:485px;border:1px solid #dd3333;\" \/><\/a><h2 style=\"clear:none;line-height:4px;font-family:Arial,Helvetica,sans-serif;font-size:1px;font-weight:normal;font-style:normal;color:#ffffff;margin:0 0 5px 0;\"><a style=\"color:#ffffff;font-size:1px;font-weight:normal;font-style:normal;\" href=\"https:\/\/www.backebolsakeri.se\/?attachment_id=89\">utlastning_paketbil<\/a><\/h2><span style=\"font-family:Arial,Helvetica,sans-serif;font-size:1px;font-weight:normal;font-style:normal;color:#ffffff;\">  <\/span>\n\t\t\t\t<p class=\"smooth_more\"><a href=\"https:\/\/www.backebolsakeri.se\/?attachment_id=89\" style=\"color:#ffffff;font-family:Arial,Helvetica,sans-serif;font-size:1px;margin-left: 10px;\"><\/a><\/p>\n\t\t\t\n\t\t\t\t<!-- \/smooth_slideri -->\n\t\t\t<\/div><div class=\"smooth_slideri\" style=\"max-width:750px;margin:0px 0px 0px 0px;\">\n\t\t\t<!-- smooth_slideri --><a href=\"https:\/\/www.backebolsakeri.se\/?attachment_id=88\" title=\"tillbackade\"  ><img decoding=\"async\" src=\"https:\/\/www.backebolsakeri.se\/wp-content\/uploads\/2014\/10\/tillbackade.jpg\" alt=\"\" class=\"slider_thumbnail full smooth_slider_thumbnail\" width=\"\" height=\"\" style=\"float:left;margin:0 10px 0 0px;max-height:485px;border:1px solid #dd3333;\" \/><\/a><h2 style=\"clear:none;line-height:4px;font-family:Arial,Helvetica,sans-serif;font-size:1px;font-weight:normal;font-style:normal;color:#ffffff;margin:0 0 5px 0;\"><a style=\"color:#ffffff;font-size:1px;font-weight:normal;font-style:normal;\" href=\"https:\/\/www.backebolsakeri.se\/?attachment_id=88\">tillbackade<\/a><\/h2><span style=\"font-family:Arial,Helvetica,sans-serif;font-size:1px;font-weight:normal;font-style:normal;color:#ffffff;\">  <\/span>\n\t\t\t\t<p class=\"smooth_more\"><a href=\"https:\/\/www.backebolsakeri.se\/?attachment_id=88\" style=\"color:#ffffff;font-family:Arial,Helvetica,sans-serif;font-size:1px;margin-left: 10px;\"><\/a><\/p>\n\t\t\t\n\t\t\t\t<!-- \/smooth_slideri -->\n\t\t\t<\/div><div class=\"smooth_slideri\" style=\"max-width:750px;margin:0px 0px 0px 0px;\">\n\t\t\t<!-- smooth_slideri --><a href=\"https:\/\/www.backebolsakeri.se\/?attachment_id=87\" title=\"terminalarbete2\"  ><img decoding=\"async\" src=\"https:\/\/www.backebolsakeri.se\/wp-content\/uploads\/2014\/10\/terminalarbete2.jpg\" alt=\"\" class=\"slider_thumbnail full smooth_slider_thumbnail\" width=\"\" height=\"\" style=\"float:left;margin:0 10px 0 0px;max-height:485px;border:1px solid #dd3333;\" \/><\/a><h2 style=\"clear:none;line-height:4px;font-family:Arial,Helvetica,sans-serif;font-size:1px;font-weight:normal;font-style:normal;color:#ffffff;margin:0 0 5px 0;\"><a style=\"color:#ffffff;font-size:1px;font-weight:normal;font-style:normal;\" href=\"https:\/\/www.backebolsakeri.se\/?attachment_id=87\">terminalarbete2<\/a><\/h2><span style=\"font-family:Arial,Helvetica,sans-serif;font-size:1px;font-weight:normal;font-style:normal;color:#ffffff;\">  <\/span>\n\t\t\t\t<p class=\"smooth_more\"><a href=\"https:\/\/www.backebolsakeri.se\/?attachment_id=87\" style=\"color:#ffffff;font-family:Arial,Helvetica,sans-serif;font-size:1px;margin-left: 10px;\"><\/a><\/p>\n\t\t\t\n\t\t\t\t<!-- \/smooth_slideri -->\n\t\t\t<\/div><div class=\"smooth_slideri\" style=\"max-width:750px;margin:0px 0px 0px 0px;\">\n\t\t\t<!-- smooth_slideri --><a href=\"https:\/\/www.backebolsakeri.se\/?attachment_id=86\" title=\"sidolastning\"  ><img decoding=\"async\" src=\"https:\/\/www.backebolsakeri.se\/wp-content\/uploads\/2014\/10\/sidolastning.jpg\" alt=\"\" class=\"slider_thumbnail full smooth_slider_thumbnail\" width=\"\" height=\"\" style=\"float:left;margin:0 10px 0 0px;max-height:485px;border:1px solid #dd3333;\" \/><\/a><h2 style=\"clear:none;line-height:4px;font-family:Arial,Helvetica,sans-serif;font-size:1px;font-weight:normal;font-style:normal;color:#ffffff;margin:0 0 5px 0;\"><a style=\"color:#ffffff;font-size:1px;font-weight:normal;font-style:normal;\" href=\"https:\/\/www.backebolsakeri.se\/?attachment_id=86\">sidolastning<\/a><\/h2><span style=\"font-family:Arial,Helvetica,sans-serif;font-size:1px;font-weight:normal;font-style:normal;color:#ffffff;\">  <\/span>\n\t\t\t\t<p class=\"smooth_more\"><a href=\"https:\/\/www.backebolsakeri.se\/?attachment_id=86\" style=\"color:#ffffff;font-family:Arial,Helvetica,sans-serif;font-size:1px;margin-left: 10px;\"><\/a><\/p>\n\t\t\t\n\t\t\t\t<!-- \/smooth_slideri -->\n\t\t\t<\/div><div class=\"smooth_slideri\" style=\"max-width:750px;margin:0px 0px 0px 0px;\">\n\t\t\t<!-- smooth_slideri --><a href=\"https:\/\/www.backebolsakeri.se\/?attachment_id=84\" title=\"paketbil\"  ><img decoding=\"async\" src=\"https:\/\/www.backebolsakeri.se\/wp-content\/uploads\/2014\/10\/paketbil.jpg\" alt=\"\" class=\"slider_thumbnail full smooth_slider_thumbnail\" width=\"\" height=\"\" style=\"float:left;margin:0 10px 0 0px;max-height:485px;border:1px solid #dd3333;\" \/><\/a><h2 style=\"clear:none;line-height:4px;font-family:Arial,Helvetica,sans-serif;font-size:1px;font-weight:normal;font-style:normal;color:#ffffff;margin:0 0 5px 0;\"><a style=\"color:#ffffff;font-size:1px;font-weight:normal;font-style:normal;\" href=\"https:\/\/www.backebolsakeri.se\/?attachment_id=84\">paketbil<\/a><\/h2><span style=\"font-family:Arial,Helvetica,sans-serif;font-size:1px;font-weight:normal;font-style:normal;color:#ffffff;\">  <\/span>\n\t\t\t\t<p class=\"smooth_more\"><a href=\"https:\/\/www.backebolsakeri.se\/?attachment_id=84\" style=\"color:#ffffff;font-family:Arial,Helvetica,sans-serif;font-size:1px;margin-left: 10px;\"><\/a><\/p>\n\t\t\t\n\t\t\t\t<!-- \/smooth_slideri -->\n\t\t\t<\/div><\/div><div class=\"sldr_clearlt\"><\/div><div class=\"sldr_clearrt\"><\/div>\n<\/div><script type=\"text\/javascript\">jQuery(\"html\").addClass(\"smooth_slider_fouc\");jQuery(\".smooth_slider_fouc .smooth_slider\").hide();<\/script>\n<!-- AddThis Advanced Settings generic via filter on the_content --><!-- AddThis Share Buttons generic via filter on the_content -->","protected":false},"excerpt":{"rendered":"<p>Kvalitet och personlig service. Vi \u00e4r ett modernt transportf\u00f6retag som trafikerar hela v\u00e4stra Sverige f\u00f6r DB Schenker. Tveka inte att kontakta oss!<!-- AddThis Advanced Settings generic via filter on wp_trim_excerpt --><!-- AddThis Share Buttons generic via filter on wp_trim_excerpt --><\/p>\n","protected":false},"author":3,"featured_media":0,"parent":0,"menu_order":0,"comment_status":"closed","ping_status":"open","template":"","meta":{"footnotes":""},"class_list":["post-11","page","type-page","status-publish","hentry"],"_links":{"self":[{"href":"https:\/\/www.backebolsakeri.se\/index.php?rest_route=\/wp\/v2\/pages\/11","targetHints":{"allow":["GET"]}}],"collection":[{"href":"https:\/\/www.backebolsakeri.se\/index.php?rest_route=\/wp\/v2\/pages"}],"about":[{"href":"https:\/\/www.backebolsakeri.se\/index.php?rest_route=\/wp\/v2\/types\/page"}],"author":[{"embeddable":true,"href":"https:\/\/www.backebolsakeri.se\/index.php?rest_route=\/wp\/v2\/users\/3"}],"replies":[{"embeddable":true,"href":"https:\/\/www.backebolsakeri.se\/index.php?rest_route=%2Fwp%2Fv2%2Fcomments&post=11"}],"version-history":[{"count":12,"href":"https:\/\/www.backebolsakeri.se\/index.php?rest_route=\/wp\/v2\/pages\/11\/revisions"}],"predecessor-version":[{"id":470,"href":"https:\/\/www.backebolsakeri.se\/index.php?rest_route=\/wp\/v2\/pages\/11\/revisions\/470"}],"wp:attachment":[{"href":"https:\/\/www.backebolsakeri.se\/index.php?rest_route=%2Fwp%2Fv2%2Fmedia&parent=11"}],"curies":[{"name":"wp","href":"https:\/\/api.w.org\/{rel}","templated":true}]}}