{"id":111,"date":"2014-10-04T10:45:59","date_gmt":"2014-10-04T08:45:59","guid":{"rendered":"http:\/\/www.backebolsakeri.se\/?page_id=111"},"modified":"2014-10-04T10:45:59","modified_gmt":"2014-10-04T08:45:59","slug":"om-trafiksakerhet","status":"publish","type":"page","link":"https:\/\/www.backebolsakeri.se\/?page_id=111","title":{"rendered":"Om trafiks\u00e4kerhet"},"content":{"rendered":"<p><strong><a href=\"http:\/\/www.backebolsakeri.se\/wp-content\/uploads\/2014\/10\/tillbackade2.jpg\"><img loading=\"lazy\" decoding=\"async\" class=\"alignright size-medium wp-image-113\" src=\"http:\/\/www.backebolsakeri.se\/wp-content\/uploads\/2014\/10\/tillbackade2-300x200.jpg\" alt=\"Tillbackade vid terminalen\" width=\"300\" height=\"200\" srcset=\"https:\/\/www.backebolsakeri.se\/wp-content\/uploads\/2014\/10\/tillbackade2-300x200.jpg 300w, https:\/\/www.backebolsakeri.se\/wp-content\/uploads\/2014\/10\/tillbackade2.jpg 900w\" sizes=\"auto, (max-width: 300px) 100vw, 300px\" \/><\/a>Varje anst\u00e4lld skall ha s\u00e5dana attityder och v\u00e4rderingar i trafiken som bidrar till s\u00e4krare trafikmilj\u00f6.<\/strong><\/p>\n<p>F\u00f6r att uppn\u00e5 dessa m\u00e5l ska \u00e5keriet arbeta efter nedanst\u00e5ende:<\/p>\n<p><strong>F\u00f6raren:<\/strong><\/p>\n<ul>\n<li>Skall visa h\u00e4nsyn till sina medtrafikanter och verka som f\u00f6red\u00f6men i trafiken<\/li>\n<li>Skall anv\u00e4nda bilb\u00e4lte och f\u00f6lja all g\u00e4llande Trafiklagstiftning, genom att bl.a. respektera hastighets best\u00e4mmelser och f\u00f6lja g\u00e4llande k\u00f6r- och vilotider<\/li>\n<li>Skall vara op\u00e5verkad av alkohol och andra droger<\/li>\n<li>Skall kontrollera att r\u00e4tt lasts\u00e4kring \u00e4r gjord<\/li>\n<li>Skall kontrollera fordonet dagligen s\u00e5 att fordonet \u00e4r i trafiks\u00e4kert skick, och omedelbart rapportera fel och brister<\/li>\n<li>Skall meddela eventuella f\u00f6r\u00e4ndringar till arbetsgivaren g\u00e4llande k\u00f6rkortsstatus<\/li>\n<li>Skall k\u00f6ra med ett mjukt k\u00f6rs\u00e4tt, genom att l\u00e4sa trafiken, undvika h\u00e4ftiga inbromsningar och accelerationer, minska br\u00e4nslef\u00f6rbrukning och \u00a0avgasutsl\u00e4pp och p\u00e5 detta s\u00e4tt f\u00e5 ett stressfritt k\u00f6rs\u00e4tt.<\/li>\n<\/ul>\n<p><strong>F\u00f6retagsledning:<\/strong><\/p>\n<ul>\n<li>Trafiks\u00e4kerhetsarbetet skall ha en tydlig roll i f\u00f6retagets ledning. Ledningen skall d\u00e4rf\u00f6r tills\u00e4tta resurser och aktivt deltaga i arbetet f\u00f6r en s\u00e4krare trafikmilj\u00f6<\/li>\n<\/ul>\n<p><strong>Trafikledningen:<\/strong><\/p>\n<ul>\n<li>Skall i sitt arbete alltid beakta trafiks\u00e4kerhetsaspekterna vid ordergivning och trafikuppl\u00e4gg<\/li>\n<\/ul>\n<p>&nbsp;<\/p>\n<p>&nbsp;<\/p>\n<!-- AddThis Advanced Settings generic via filter on the_content --><!-- AddThis Share Buttons generic via filter on the_content -->","protected":false},"excerpt":{"rendered":"<p>Varje anst\u00e4lld skall ha s\u00e5dana attityder och v\u00e4rderingar i trafiken som bidrar till s\u00e4krare trafikmilj\u00f6. F\u00f6r att uppn\u00e5 dessa m\u00e5l ska \u00e5keriet arbeta efter nedanst\u00e5ende: F\u00f6raren: Skall visa h\u00e4nsyn till sina medtrafikanter och verka som f\u00f6red\u00f6men i trafiken Skall anv\u00e4nda bilb\u00e4lte och f\u00f6lja all g\u00e4llande Trafiklagstiftning, genom att bl.a. respektera hastighets best\u00e4mmelser och f\u00f6lja g\u00e4llande [&hellip;]<!-- AddThis Advanced Settings generic via filter on wp_trim_excerpt --><!-- AddThis Share Buttons generic via filter on wp_trim_excerpt --><\/p>\n","protected":false},"author":3,"featured_media":0,"parent":0,"menu_order":0,"comment_status":"closed","ping_status":"open","template":"","meta":{"footnotes":""},"class_list":["post-111","page","type-page","status-publish","hentry"],"_links":{"self":[{"href":"https:\/\/www.backebolsakeri.se\/index.php?rest_route=\/wp\/v2\/pages\/111","targetHints":{"allow":["GET"]}}],"collection":[{"href":"https:\/\/www.backebolsakeri.se\/index.php?rest_route=\/wp\/v2\/pages"}],"about":[{"href":"https:\/\/www.backebolsakeri.se\/index.php?rest_route=\/wp\/v2\/types\/page"}],"author":[{"embeddable":true,"href":"https:\/\/www.backebolsakeri.se\/index.php?rest_route=\/wp\/v2\/users\/3"}],"replies":[{"embeddable":true,"href":"https:\/\/www.backebolsakeri.se\/index.php?rest_route=%2Fwp%2Fv2%2Fcomments&post=111"}],"version-history":[{"count":4,"href":"https:\/\/www.backebolsakeri.se\/index.php?rest_route=\/wp\/v2\/pages\/111\/revisions"}],"predecessor-version":[{"id":116,"href":"https:\/\/www.backebolsakeri.se\/index.php?rest_route=\/wp\/v2\/pages\/111\/revisions\/116"}],"wp:attachment":[{"href":"https:\/\/www.backebolsakeri.se\/index.php?rest_route=%2Fwp%2Fv2%2Fmedia&parent=111"}],"curies":[{"name":"wp","href":"https:\/\/api.w.org\/{rel}","templated":true}]}}