{"id":118,"date":"2014-10-04T11:24:39","date_gmt":"2014-10-04T09:24:39","guid":{"rendered":"http:\/\/www.backebolsakeri.se\/?page_id=118"},"modified":"2020-02-28T11:19:09","modified_gmt":"2020-02-28T10:19:09","slug":"kontakt","status":"publish","type":"page","link":"https:\/\/www.backebolsakeri.se\/?page_id=118","title":{"rendered":"Kontakt"},"content":{"rendered":"<p>Kontakta oss g\u00e4rna, men om du vill <strong>boka transporter <\/strong>eller har <strong>fr\u00e5gor g\u00e4llande din s\u00e4ndning <\/strong>ber vi dig <strong>kontakta Schenker, 031-7039300.<br \/>\n<\/strong><\/p>\n<p><em>F\u00e4lt markerade med <strong>*<\/strong> \u00e4r obligatoriska och m\u00e5ste fyllas i.<\/em><\/p>\n<div class=\"frm_forms \" id=\"frm_form_3_container\" >\n<form enctype=\"multipart\/form-data\" method=\"post\" class=\"frm-show-form \" id=\"form_j72jzy\" >\n<div class=\"frm_form_fields \">\n<fieldset>\n\r\n<div class=\"frm_fields_container\">\n<input type=\"hidden\" name=\"frm_action\" value=\"create\" \/>\n<input type=\"hidden\" name=\"form_id\" value=\"3\" \/>\n<input type=\"hidden\" name=\"frm_hide_fields_3\" id=\"frm_hide_fields_3\" value=\"\" \/>\n<input type=\"hidden\" name=\"form_key\" value=\"j72jzy\" \/>\n<input type=\"hidden\" name=\"item_meta[0]\" value=\"\" \/>\n<input type=\"hidden\" id=\"frm_submit_entry_3\" name=\"frm_submit_entry_3\" value=\"cef4966aff\" \/><input type=\"hidden\" name=\"_wp_http_referer\" value=\"\/index.php?rest_route=%2Fwp%2Fv2%2Fpages%2F118\" \/><div id=\"frm_field_15_container\" class=\"frm_form_field form-field  frm_required_field frm_top_container\">\r\n    <label for=\"field_qop3b\" class=\"frm_primary_label\">F\u00f6r- och efternamn\r\n        <span class=\"frm_required\">*<\/span>\r\n    <\/label>\r\n    <input type=\"text\" id=\"field_qop3b\" name=\"item_meta[15]\" value=\"\"  data-reqmsg=\"Du m\u00e5ste ange ditt f\u00f6r- och efternamn!\" aria-required=\"true\" data-invmsg=\"F\u00f6r- och efternamn \u00e4r ogiltigt\" aria-invalid=\"false\"  \/>\r\n    \r\n    \r\n<\/div>\n<div id=\"frm_field_16_container\" class=\"frm_form_field form-field  frm_top_container\">\r\n    <label for=\"field_72tns4\" class=\"frm_primary_label\">F\u00f6retag\r\n        <span class=\"frm_required\"><\/span>\r\n    <\/label>\r\n    <input type=\"text\" id=\"field_72tns4\" name=\"item_meta[16]\" value=\"\"  data-invmsg=\"F\u00f6retag \u00e4r ogiltigt\" aria-invalid=\"false\"  \/>\r\n    \r\n    \r\n<\/div>\n<div id=\"frm_field_17_container\" class=\"frm_form_field form-field  frm_required_field frm_top_container\">\r\n    <label for=\"field_knry5f\" class=\"frm_primary_label\">E-postadress\r\n        <span class=\"frm_required\">*<\/span>\r\n    <\/label>\r\n    <input type=\"text\" id=\"field_knry5f\" name=\"item_meta[17]\" value=\"\"  data-reqmsg=\"Ange din e-postadress! Det m\u00e5ste vara en g\u00e4llande adress!\" aria-required=\"true\" data-invmsg=\"E-postadress \u00e4r ogiltigt\" aria-invalid=\"false\"  \/>\r\n    \r\n    \r\n<\/div>\n<div id=\"frm_field_18_container\" class=\"frm_form_field form-field  frm_top_container\">\r\n    <label for=\"field_oh5q4e\" class=\"frm_primary_label\">Telefon\r\n        <span class=\"frm_required\"><\/span>\r\n    <\/label>\r\n    <input type=\"text\" id=\"field_oh5q4e\" name=\"item_meta[18]\" value=\"\"  data-invmsg=\"Telefon \u00e4r ogiltigt\" aria-invalid=\"false\"  \/>\r\n    \r\n    \r\n<\/div>\n<div id=\"frm_field_19_container\" class=\"frm_form_field form-field  frm_required_field frm_top_container vertical_radio\">\r\n    <label  class=\"frm_primary_label\">Jag vill veta mer om\r\n        <span class=\"frm_required\">*<\/span>\r\n    <\/label>\r\n    <div class=\"frm_opt_container\">\t\t<div class=\"frm_checkbox\" id=\"frm_checkbox_19-0\">\t\t\t<label  for=\"field_cn0tir-0\">\n\t\t\t<input type=\"checkbox\" name=\"item_meta[19][]\" id=\"field_cn0tir-0\" value=\"Transporter\"  data-reqmsg=\"Du m\u00e5ste v\u00e4lja minst ett alternativ!\" data-invmsg=\"Jag vill veta mer om \u00e4r ogiltigt\" aria-invalid=\"false\"   aria-required=\"true\"  \/> Transporter<\/label><\/div>\n\t\t<div class=\"frm_checkbox\" id=\"frm_checkbox_19-1\">\t\t\t<label  for=\"field_cn0tir-1\">\n\t\t\t<input type=\"checkbox\" name=\"item_meta[19][]\" id=\"field_cn0tir-1\" value=\"Logistik\/Lagring\"  data-reqmsg=\"Du m\u00e5ste v\u00e4lja minst ett alternativ!\" data-invmsg=\"Jag vill veta mer om \u00e4r ogiltigt\" aria-invalid=\"false\"   \/> Logistik\/Lagring<\/label><\/div>\n\t\t<div class=\"frm_checkbox\" id=\"frm_checkbox_19-2\">\t\t\t<label  for=\"field_cn0tir-2\">\n\t\t\t<input type=\"checkbox\" name=\"item_meta[19][]\" id=\"field_cn0tir-2\" value=\"F\u00f6retagsbil\"  data-reqmsg=\"Du m\u00e5ste v\u00e4lja minst ett alternativ!\" data-invmsg=\"Jag vill veta mer om \u00e4r ogiltigt\" aria-invalid=\"false\"   \/> F\u00f6retagsbil<\/label><\/div>\n\t\t<div class=\"frm_checkbox\" id=\"frm_checkbox_19-3\">\t\t\t<label  for=\"field_cn0tir-3\">\n\t\t\t<input type=\"checkbox\" name=\"item_meta[19][]\" id=\"field_cn0tir-3\" value=\"Lediga arbeten\"  data-reqmsg=\"Du m\u00e5ste v\u00e4lja minst ett alternativ!\" data-invmsg=\"Jag vill veta mer om \u00e4r ogiltigt\" aria-invalid=\"false\"   \/> Lediga arbeten<\/label><\/div>\n\t\t<div class=\"frm_checkbox\" id=\"frm_checkbox_19-4\">\t\t\t<label  for=\"field_cn0tir-4\">\n\t\t\t<input type=\"checkbox\" name=\"item_meta[19][]\" id=\"field_cn0tir-4\" value=\"Annat\"  data-reqmsg=\"Du m\u00e5ste v\u00e4lja minst ett alternativ!\" data-invmsg=\"Jag vill veta mer om \u00e4r ogiltigt\" aria-invalid=\"false\"   \/> Annat<\/label><\/div>\n<\/div>\r\n    \r\n    \r\n<\/div>\n<div id=\"frm_field_20_container\" class=\"frm_form_field form-field  frm_required_field frm_top_container\">\r\n    <label for=\"field_x9uwy\" class=\"frm_primary_label\">Meddelande\r\n        <span class=\"frm_required\">*<\/span>\r\n    <\/label>\r\n    <textarea name=\"item_meta[20]\" id=\"field_x9uwy\" rows=\"5\"  data-reqmsg=\"Gl\u00f6m inte ditt meddelande!\" aria-required=\"true\" data-invmsg=\"Meddelande \u00e4r ogiltigt\" aria-invalid=\"false\"  ><\/textarea>\r\n    \r\n    \r\n<\/div>\n<div id=\"frm_field_21_container\" class=\"frm_form_field form-field  frm_top_container\">\r\n    <label for=\"g-recaptcha-response\" class=\"frm_primary_label\">reCAPTCHA\r\n        <span class=\"frm_required\"><\/span>\r\n    <\/label>\r\n    <div  id=\"field_5stug\" class=\"frm-g-recaptcha\" data-sitekey=\"6LegYPsSAAAAAAT8C_-0Z6h3-dNZk4fPnP1C7O6K\" data-size=\"normal\" data-theme=\"light\"><\/div>\r\n    <div id=\"frm_desc_field_5stug\" class=\"frm_description\">Vi vill vara s\u00e4kra p\u00e5 att du \u00e4r en riktig person och inte en spam-robot!<\/div>\r\n    \r\n<\/div>\n\t<input type=\"hidden\" name=\"item_key\" value=\"\" \/>\n\t\t\t<div id=\"frm_field_45_container\">\n\t\t\t<label for=\"field_2ep3\" >\n\t\t\t\tOm du \u00e4r m\u00e4nsklig, l\u00e4mna det h\u00e4r f\u00e4ltet tomt.\t\t\t<\/label>\n\t\t\t<input  id=\"field_2ep3\" type=\"text\" class=\"frm_form_field form-field frm_verify\" name=\"item_meta[45]\" value=\"\"  \/>\n\t\t<\/div>\n\t\t<input name=\"frm_state\" type=\"hidden\" value=\"GuuEwR+3HadPcLDcoN+aTdPy+jDvx4Q5l6cQAJ+9Ss4=\" \/><div class=\"frm_submit\">\r\n\r\n<input type=\"submit\" value=\"Skicka\"  \/>\r\n<img decoding=\"async\" class=\"frm_ajax_loading\" src=\"https:\/\/www.backebolsakeri.se\/wp-content\/plugins\/formidable\/images\/ajax_loader.gif\" alt=\"Sending\" style=\"visibility:hidden;\" \/>\r\n\r\n<\/div><\/div>\n<\/fieldset>\n<\/div>\n\n<p style=\"display: none !important;\" class=\"akismet-fields-container\" data-prefix=\"ak_\"><label>&#916;<textarea name=\"ak_hp_textarea\" cols=\"45\" rows=\"8\" maxlength=\"100\"><\/textarea><\/label><input type=\"hidden\" id=\"ak_js_1\" name=\"ak_js\" value=\"168\"\/><script>document.getElementById( \"ak_js_1\" ).setAttribute( \"value\", ( new Date() ).getTime() );<\/script><\/p><\/form>\n<\/div>\n\n<!-- AddThis Advanced Settings generic via filter on the_content --><!-- AddThis Share Buttons generic via filter on the_content -->","protected":false},"excerpt":{"rendered":"<p>Kontakta oss g\u00e4rna, men om du vill boka transporter eller har fr\u00e5gor g\u00e4llande din s\u00e4ndning ber vi dig kontakta Schenker, 031-7039300. F\u00e4lt markerade med * \u00e4r obligatoriska och m\u00e5ste fyllas i.<!-- AddThis Advanced Settings generic via filter on wp_trim_excerpt --><!-- AddThis Share Buttons generic via filter on wp_trim_excerpt --><\/p>\n","protected":false},"author":3,"featured_media":0,"parent":0,"menu_order":0,"comment_status":"closed","ping_status":"open","template":"","meta":{"footnotes":""},"class_list":["post-118","page","type-page","status-publish","hentry"],"_links":{"self":[{"href":"https:\/\/www.backebolsakeri.se\/index.php?rest_route=\/wp\/v2\/pages\/118","targetHints":{"allow":["GET"]}}],"collection":[{"href":"https:\/\/www.backebolsakeri.se\/index.php?rest_route=\/wp\/v2\/pages"}],"about":[{"href":"https:\/\/www.backebolsakeri.se\/index.php?rest_route=\/wp\/v2\/types\/page"}],"author":[{"embeddable":true,"href":"https:\/\/www.backebolsakeri.se\/index.php?rest_route=\/wp\/v2\/users\/3"}],"replies":[{"embeddable":true,"href":"https:\/\/www.backebolsakeri.se\/index.php?rest_route=%2Fwp%2Fv2%2Fcomments&post=118"}],"version-history":[{"count":6,"href":"https:\/\/www.backebolsakeri.se\/index.php?rest_route=\/wp\/v2\/pages\/118\/revisions"}],"predecessor-version":[{"id":460,"href":"https:\/\/www.backebolsakeri.se\/index.php?rest_route=\/wp\/v2\/pages\/118\/revisions\/460"}],"wp:attachment":[{"href":"https:\/\/www.backebolsakeri.se\/index.php?rest_route=%2Fwp%2Fv2%2Fmedia&parent=118"}],"curies":[{"name":"wp","href":"https:\/\/api.w.org\/{rel}","templated":true}]}}