{"id":184,"date":"2014-10-08T22:32:47","date_gmt":"2014-10-08T20:32:47","guid":{"rendered":"http:\/\/www.backebolsakeri.se\/?page_id=184"},"modified":"2014-10-15T23:22:10","modified_gmt":"2014-10-15T21:22:10","slug":"om-morgonen-pa-baab","status":"publish","type":"page","link":"https:\/\/www.backebolsakeri.se\/?page_id=184","title":{"rendered":"Om morgonen p\u00e5 B\u00c5AB"},"content":{"rendered":"<p><strong>S\u00e5 h\u00e4r kan det g\u00e5 till om\u00a0morgonen.<\/strong><\/p>\n<p>B\u00e5de n\u00e4r lastbilen g\u00e5r ut mot terminalen &#8211; och inne p\u00e5 terminalen. 56 sekunder video.<\/p>\n<p><iframe loading=\"lazy\" src=\"\/\/www.youtube.com\/embed\/VyT1t9EmnrM?rel=0&amp;showinfo=0\" width=\"675\" height=\"380\" frameborder=\"1\" allowfullscreen=\"allowfullscreen\"><\/iframe><\/p>\n<p>&nbsp;<\/p>\n<p>&nbsp;<\/p>\n<!-- AddThis Advanced Settings generic via filter on the_content --><!-- AddThis Share Buttons generic via filter on the_content -->","protected":false},"excerpt":{"rendered":"<p>S\u00e5 h\u00e4r kan det g\u00e5 till om\u00a0morgonen. B\u00e5de n\u00e4r lastbilen g\u00e5r ut mot terminalen &#8211; och inne p\u00e5 terminalen. 56 sekunder video. &nbsp; &nbsp;<!-- AddThis Advanced Settings generic via filter on wp_trim_excerpt --><!-- AddThis Share Buttons generic via filter on wp_trim_excerpt --><\/p>\n","protected":false},"author":3,"featured_media":0,"parent":0,"menu_order":0,"comment_status":"closed","ping_status":"open","template":"","meta":{"footnotes":""},"class_list":["post-184","page","type-page","status-publish","hentry"],"_links":{"self":[{"href":"https:\/\/www.backebolsakeri.se\/index.php?rest_route=\/wp\/v2\/pages\/184","targetHints":{"allow":["GET"]}}],"collection":[{"href":"https:\/\/www.backebolsakeri.se\/index.php?rest_route=\/wp\/v2\/pages"}],"about":[{"href":"https:\/\/www.backebolsakeri.se\/index.php?rest_route=\/wp\/v2\/types\/page"}],"author":[{"embeddable":true,"href":"https:\/\/www.backebolsakeri.se\/index.php?rest_route=\/wp\/v2\/users\/3"}],"replies":[{"embeddable":true,"href":"https:\/\/www.backebolsakeri.se\/index.php?rest_route=%2Fwp%2Fv2%2Fcomments&post=184"}],"version-history":[{"count":7,"href":"https:\/\/www.backebolsakeri.se\/index.php?rest_route=\/wp\/v2\/pages\/184\/revisions"}],"predecessor-version":[{"id":243,"href":"https:\/\/www.backebolsakeri.se\/index.php?rest_route=\/wp\/v2\/pages\/184\/revisions\/243"}],"wp:attachment":[{"href":"https:\/\/www.backebolsakeri.se\/index.php?rest_route=%2Fwp%2Fv2%2Fmedia&parent=184"}],"curies":[{"name":"wp","href":"https:\/\/api.w.org\/{rel}","templated":true}]}}