{"id":35,"date":"2014-09-25T22:39:11","date_gmt":"2014-09-25T20:39:11","guid":{"rendered":"http:\/\/www.backebolsakeri.se\/?page_id=35"},"modified":"2019-09-10T11:38:12","modified_gmt":"2019-09-10T09:38:12","slug":"vart-omrade","status":"publish","type":"page","link":"https:\/\/www.backebolsakeri.se\/?page_id=35","title":{"rendered":"V\u00e5rt omr\u00e5de"},"content":{"rendered":"<p><strong><span class=\"brtxtfet\">B\u00e4ckebols \u00c5keri AB \u00e4r, i samarbete med sin aff\u00e4rspartner Schenker, ledande inom en rad omr\u00e5den p\u00e5 transportmarknaden i G\u00f6teborg med omnejd.<\/span> <\/strong><\/p>\n<p>Vi erbjuder v\u00e5ra slutkunder ett brett register av tj\u00e4nster, som alla k\u00e4nnetecknas av v\u00e5rt stora logistikkunnande:<\/p>\n<ul>\n<li class=\"brtxtlist\">Lokal samdistribution &#8211; h\u00e4mtning och godsutk\u00f6rning till och fr\u00e5n Schenkers strategiskt bel\u00e4gna terminal i G\u00f6teborg. H\u00e4r finns \u00e4ven trafikledningscentralen<\/li>\n<li class=\"brtxtlist\">Ett v\u00e4lutvecklat linjetrafiksystem f\u00f6r allt slags gods mellan G\u00f6teborg och bl.a. Alings\u00e5s.<\/li>\n<li class=\"brtxtlist\">Sm\u00e5gods och budk\u00f6rningar &#8211; ett v\u00e4xande aff\u00e4rsomr\u00e5de i takt med \u00f6kande Internethandel.<\/li>\n<li class=\"brtxtlist\">F\u00f6retagsbil, vi k\u00f6r f\u00f6r er n\u00e4r ni beh\u00f6ver transporttj\u00e4nster.<\/li>\n<\/ul>\n<p><img loading=\"lazy\" decoding=\"async\" class=\"aligncenter wp-image-37\" style=\"border: 0px currentColor;\" src=\"http:\/\/www.backebolsakeri.se\/wp-content\/uploads\/2014\/09\/karta_flygbild.jpg\" alt=\"\u00d6versikt \u00f6ver terminalen\" width=\"500\" height=\"399\" srcset=\"https:\/\/www.backebolsakeri.se\/wp-content\/uploads\/2014\/09\/karta_flygbild.jpg 677w, https:\/\/www.backebolsakeri.se\/wp-content\/uploads\/2014\/09\/karta_flygbild-300x239.jpg 300w\" sizes=\"auto, (max-width: 500px) 100vw, 500px\" \/><\/p>\n<!-- AddThis Advanced Settings generic via filter on the_content --><!-- AddThis Share Buttons generic via filter on the_content -->","protected":false},"excerpt":{"rendered":"<p>B\u00e4ckebols \u00c5keri AB \u00e4r, i samarbete med sin aff\u00e4rspartner Schenker, ledande inom en rad omr\u00e5den p\u00e5 transportmarknaden i G\u00f6teborg med omnejd. Vi erbjuder v\u00e5ra slutkunder ett brett register av tj\u00e4nster, som alla k\u00e4nnetecknas av v\u00e5rt stora logistikkunnande: Lokal samdistribution &#8211; h\u00e4mtning och godsutk\u00f6rning till och fr\u00e5n Schenkers strategiskt bel\u00e4gna terminal i G\u00f6teborg. H\u00e4r finns \u00e4ven [&hellip;]<!-- AddThis Advanced Settings generic via filter on wp_trim_excerpt --><!-- AddThis Share Buttons generic via filter on wp_trim_excerpt --><\/p>\n","protected":false},"author":3,"featured_media":0,"parent":0,"menu_order":0,"comment_status":"closed","ping_status":"open","template":"","meta":{"footnotes":""},"class_list":["post-35","page","type-page","status-publish","hentry"],"_links":{"self":[{"href":"https:\/\/www.backebolsakeri.se\/index.php?rest_route=\/wp\/v2\/pages\/35","targetHints":{"allow":["GET"]}}],"collection":[{"href":"https:\/\/www.backebolsakeri.se\/index.php?rest_route=\/wp\/v2\/pages"}],"about":[{"href":"https:\/\/www.backebolsakeri.se\/index.php?rest_route=\/wp\/v2\/types\/page"}],"author":[{"embeddable":true,"href":"https:\/\/www.backebolsakeri.se\/index.php?rest_route=\/wp\/v2\/users\/3"}],"replies":[{"embeddable":true,"href":"https:\/\/www.backebolsakeri.se\/index.php?rest_route=%2Fwp%2Fv2%2Fcomments&post=35"}],"version-history":[{"count":5,"href":"https:\/\/www.backebolsakeri.se\/index.php?rest_route=\/wp\/v2\/pages\/35\/revisions"}],"predecessor-version":[{"id":429,"href":"https:\/\/www.backebolsakeri.se\/index.php?rest_route=\/wp\/v2\/pages\/35\/revisions\/429"}],"wp:attachment":[{"href":"https:\/\/www.backebolsakeri.se\/index.php?rest_route=%2Fwp%2Fv2%2Fmedia&parent=35"}],"curies":[{"name":"wp","href":"https:\/\/api.w.org\/{rel}","templated":true}]}}