{"id":42,"date":"2014-09-25T22:47:24","date_gmt":"2014-09-25T20:47:24","guid":{"rendered":"http:\/\/www.backebolsakeri.se\/?page_id=42"},"modified":"2014-10-09T18:03:59","modified_gmt":"2014-10-09T16:03:59","slug":"var-effektiva-trafikledning-hjartat-i-en-rationell-organisation","status":"publish","type":"page","link":"https:\/\/www.backebolsakeri.se\/?page_id=42","title":{"rendered":"V\u00e5r effektiva trafikledning &#8211; hj\u00e4rtat i en rationell organisation"},"content":{"rendered":"<p class=\"brtxtfet\"><strong><a href=\"http:\/\/www.backebolsakeri.se\/wp-content\/uploads\/2014\/10\/trafikledning.jpg\"><img loading=\"lazy\" decoding=\"async\" class=\"alignright size-medium wp-image-192\" src=\"http:\/\/www.backebolsakeri.se\/wp-content\/uploads\/2014\/10\/trafikledning-300x200.jpg\" alt=\"Trafikledning\" width=\"300\" height=\"200\" srcset=\"https:\/\/www.backebolsakeri.se\/wp-content\/uploads\/2014\/10\/trafikledning-300x200.jpg 300w, https:\/\/www.backebolsakeri.se\/wp-content\/uploads\/2014\/10\/trafikledning.jpg 900w\" sizes=\"auto, (max-width: 300px) 100vw, 300px\" \/><\/a>Den dagliga trafikledningen har mycket stor betydelse f\u00f6r hur vi kan uppfylla kundernas kvalitetskrav. Den sammanlagda erfarenheten av alla slags transporter g\u00f6r att v\u00e5r trafikledning fungerar rationellt och effektivt.<\/strong><\/p>\n<p>Avancerad teknik ger oss full kontroll och \u00f6verblick och g\u00f6r det m\u00f6jligt att styra fordonen s\u00e5 att de utnyttjas fullt ut. Samtliga bilar \u00e4r uppkopplade till samma datasystem och dirigeras av erfarna trafikledare p\u00e5 ledningscentralen.<\/p>\n<p>Trafikledningen \u00e4r lokaliserad till Schenkers huvudanl\u00e4ggning i G\u00f6teborg, d\u00e4r TGM och B\u00e4ckebols \u00c5keri har gemensam trafikledning. Det skapar samordningsf\u00f6rdelar och inneb\u00e4r att vi tillsammans kan erbjuda slutkunderna mycket bra service.<\/p>\n<p>Inom samdistributionen k\u00f6r varje fordon egna zoner. Hela G\u00f6teborgsregionen \u00e4r uppdelad i distrikt av olika storlek, vilket syftar till effektivast m\u00f6jliga distribution. F\u00f6r att korta ner k\u00f6rstr\u00e4ckorna best\u00e5r exempelvis vissa distrikt av en enda gata i transportintensiva industriomr\u00e5den, medan andra \u00e4r st\u00f6rre.<\/p>\n<p>Den genomt\u00e4nkta organisationen g\u00f6r att logistiken konsekvent h\u00e5lls p\u00e5 en h\u00f6g niv\u00e5 &#8211; transportarbetet sker snabbt, effektivt, s\u00e4kert och i slut\u00e4nden p\u00e5 ekonomiskt och milj\u00f6m\u00e4ssigt b\u00e4sta s\u00e4tt.<\/p>\n<p>&nbsp;<\/p>\n<p>&nbsp;<\/p>\n<!-- AddThis Advanced Settings generic via filter on the_content --><!-- AddThis Share Buttons generic via filter on the_content -->","protected":false},"excerpt":{"rendered":"<p>Den dagliga trafikledningen har mycket stor betydelse f\u00f6r hur vi kan uppfylla kundernas kvalitetskrav. Den sammanlagda erfarenheten av alla slags transporter g\u00f6r att v\u00e5r trafikledning fungerar rationellt och effektivt. Avancerad teknik ger oss full kontroll och \u00f6verblick och g\u00f6r det m\u00f6jligt att styra fordonen s\u00e5 att de utnyttjas fullt ut. Samtliga bilar \u00e4r uppkopplade till [&hellip;]<!-- AddThis Advanced Settings generic via filter on wp_trim_excerpt --><!-- AddThis Share Buttons generic via filter on wp_trim_excerpt --><\/p>\n","protected":false},"author":3,"featured_media":0,"parent":0,"menu_order":0,"comment_status":"closed","ping_status":"open","template":"","meta":{"footnotes":""},"class_list":["post-42","page","type-page","status-publish","hentry"],"_links":{"self":[{"href":"https:\/\/www.backebolsakeri.se\/index.php?rest_route=\/wp\/v2\/pages\/42","targetHints":{"allow":["GET"]}}],"collection":[{"href":"https:\/\/www.backebolsakeri.se\/index.php?rest_route=\/wp\/v2\/pages"}],"about":[{"href":"https:\/\/www.backebolsakeri.se\/index.php?rest_route=\/wp\/v2\/types\/page"}],"author":[{"embeddable":true,"href":"https:\/\/www.backebolsakeri.se\/index.php?rest_route=\/wp\/v2\/users\/3"}],"replies":[{"embeddable":true,"href":"https:\/\/www.backebolsakeri.se\/index.php?rest_route=%2Fwp%2Fv2%2Fcomments&post=42"}],"version-history":[{"count":4,"href":"https:\/\/www.backebolsakeri.se\/index.php?rest_route=\/wp\/v2\/pages\/42\/revisions"}],"predecessor-version":[{"id":195,"href":"https:\/\/www.backebolsakeri.se\/index.php?rest_route=\/wp\/v2\/pages\/42\/revisions\/195"}],"wp:attachment":[{"href":"https:\/\/www.backebolsakeri.se\/index.php?rest_route=%2Fwp%2Fv2%2Fmedia&parent=42"}],"curies":[{"name":"wp","href":"https:\/\/api.w.org\/{rel}","templated":true}]}}